{"id":7,"date":"2025-05-25T12:18:06","date_gmt":"2025-05-25T10:18:06","guid":{"rendered":"https:\/\/emerick-candaele.com\/?page_id=7"},"modified":"2025-05-25T14:28:10","modified_gmt":"2025-05-25T12:28:10","slug":"home","status":"publish","type":"page","link":"https:\/\/emerick-candaele.com\/","title":{"rendered":"Emerick CANDAELE"},"content":{"rendered":"\n<div class=\"wp-block-cover alignfull is-light\" style=\"min-height:720px;aspect-ratio:unset;\"><span aria-hidden=\"true\" class=\"wp-block-cover__background has-base-2-background-color has-background-dim-100 has-background-dim\"><\/span><div class=\"wp-block-cover__inner-container is-layout-flow wp-block-cover-is-layout-flow\">\n<div class=\"wp-block-group alignwide has-global-padding is-layout-constrained wp-block-group-is-layout-constrained\">\n<div class=\"wp-block-media-text alignwide has-media-on-the-right is-stacked-on-mobile is-vertically-aligned-center\" style=\"grid-template-columns:auto 43%\"><div class=\"wp-block-media-text__content\">\n<h1 class=\"wp-block-heading has-text-align-left has-ast-global-color-2-color has-text-color\">Emerick CANDAELE<\/h1>\n\n\n\n<p class=\"has-white-color has-text-color has-contrast-color has-link-color wp-elements-5e9eeae8d017f09cde995103d826a9d5\">Fondateur de Terres Num\u00e9riques et passionn\u00e9 de nouvelles technologies.<\/p>\n<\/div><figure class=\"wp-block-media-text__media\"><img loading=\"lazy\" decoding=\"async\" width=\"1024\" height=\"1024\" src=\"https:\/\/emerick-candaele.com\/wp-content\/uploads\/2025\/05\/Photo-de-profil-1-1024x1024.png\" alt=\"\" class=\"wp-image-25 size-full\" srcset=\"https:\/\/emerick-candaele.com\/wp-content\/uploads\/2025\/05\/Photo-de-profil-1-1024x1024.png 1024w, https:\/\/emerick-candaele.com\/wp-content\/uploads\/2025\/05\/Photo-de-profil-1-300x300.png 300w, https:\/\/emerick-candaele.com\/wp-content\/uploads\/2025\/05\/Photo-de-profil-1-150x150.png 150w, https:\/\/emerick-candaele.com\/wp-content\/uploads\/2025\/05\/Photo-de-profil-1-768x768.png 768w, https:\/\/emerick-candaele.com\/wp-content\/uploads\/2025\/05\/Photo-de-profil-1.png 1200w\" sizes=\"auto, (max-width: 1024px) 100vw, 1024px\" \/><\/figure><\/div>\n<\/div>\n<\/div><\/div>\n\n\n\n<div class=\"wp-block-group alignfull has-global-padding is-layout-constrained wp-container-core-group-is-layout-bbcd8e9d wp-block-group-is-layout-constrained\" style=\"margin-top:var(--wp--preset--spacing--20);margin-bottom:var(--wp--preset--spacing--20);padding-top:var(--wp--preset--spacing--20);padding-right:var(--wp--preset--spacing--10);padding-bottom:var(--wp--preset--spacing--20);padding-left:var(--wp--preset--spacing--10)\">\n<div class=\"wp-block-group has-global-padding is-layout-constrained wp-block-group-is-layout-constrained\" style=\"padding-top:0;padding-bottom:0\">\n<h2 class=\"wp-block-heading is-style-default\">Formations et exp\u00e9riences<\/h2>\n\n\n\n<div class=\"wp-block-group is-vertical is-layout-flex wp-container-core-group-is-layout-fe9cc265 wp-block-group-is-layout-flex\">\n<h3 class=\"wp-block-heading\">Fondateur de Terres Num\u00e9riques (2025-Aujourd&#8217;hui)<\/h3>\n\n\n\n<div class=\"wp-block-group has-global-padding is-layout-constrained wp-block-group-is-layout-constrained\">\n<p><a href=\"https:\/\/www.terresnumeriques.com\">Terres Num\u00e9riques<\/a> est une entreprise qui a pour but de faire des saisies (compte rendu de visite, feuille d&#8217;intervention&#8230;) un vrai gain de temps. Pour ce faire l&#8217;entreprise est sp\u00e9cialis\u00e9e dans le d\u00e9ploiement de Kizeo Forms, une solution mobile de collecte de donn\u00e9es et de g\u00e9n\u00e9ration de rapport automatis\u00e9s.<\/p>\n<\/div>\n<\/div>\n\n\n\n<h3 class=\"wp-block-heading\">Ing\u00e9nieur Charg\u00e9 de mission innovation &#8211; Groupe ICV  (2021-2025)<\/h3>\n\n\n\n<p>J&#8217;ai principalement particip\u00e9 au d\u00e9veloppement du Service Viticole en apportant de nouveaux outils num\u00e9riques aux conseillers viticoles (comme Kizeo Forms) dans le but d&#8217;augmenter leur productivit\u00e9.<\/p>\n\n\n\n<p>En parall\u00e8le j&#8217;ai \u00e9t\u00e9 co-gestionnaire de services num\u00e9riques innovants pour la viticulture (ex: Oenoview\u00ae) en travaillant \u00e0 optimiser les processus de production.<\/p>\n\n\n\n<p>Cette volont\u00e9 d&#8217;am\u00e9lioration par le num\u00e9rique s&#8217;est aussi concr\u00e9tis\u00e9e par des missions de Product owner pour la nouvelle <a href=\"https:\/\/apps.apple.com\/fr\/app\/oenoview-app\/id1658768017\">application mobile Oenoview\u00ae<\/a> et <a href=\"https:\/\/oenobox.icv.fr\/login\">Oenobox<\/a> Parcelles.<\/p>\n\n\n\n<h3 class=\"wp-block-heading\">Apprentissage au Groupe Institut Coop\u00e9ratif du Vin (2018-2021)<\/h3>\n\n\n\n<p><em>Co-gestion de l\u2019analyse et des am\u00e9liorations de la cha\u00eene de production d\u2019un outil d\u2019aide \u00e0 la d\u00e9cision viticole bas\u00e9 sur la t\u00e9l\u00e9d\u00e9tection (Oenoview\u00ae).<\/em><\/p>\n\n\n\n<h3 class=\"wp-block-heading\">Ecole d\u2019ing\u00e9nieur agronome \u00e0 l\u2019Institut Agro Montpellier (34) \u2013 Sp\u00e9cialit\u00e9 AgroTIC<\/h3>\n\n\n\n<p>Formation d\u2019ing\u00e9nieur agronome. La sp\u00e9cialisation AgroTIC (Technologies de l\u2019Information et de la Communication pour l\u2019agronomie) permet de comprendre les enjeux agronomiques de demain et de proposer des solutions bas\u00e9es sur les nouvelles technologies.<\/p>\n\n\n\n<h2 class=\"wp-block-heading is-style-default\">Mes mentras<\/h2>\n\n\n\n<div class=\"wp-block-media-text has-media-on-the-right is-stacked-on-mobile\"><div class=\"wp-block-media-text__content\">\n<h3 class=\"wp-block-heading\">&#8220;Apprendre&#8221;<\/h3>\n\n\n\n<p>Notre monde est incroyable. Et en comprendre les rouages est ce qui me motive le plus. <\/p>\n\n\n\n<p>Premi\u00e8rement, j&#8217;ai horreur de ne pas avoir les cl\u00e9s de compr\u00e9hension de mon environnement. <\/p>\n\n\n\n<p>Deuxi\u00e8mement, et tr\u00e8s honn\u00eatement, si je ne pouvais plus \u00eatre en capacit\u00e9 de d\u00e9couvrir je m&#8217;ennuierai \u00e0 en mourir.<\/p>\n<\/div><figure class=\"wp-block-media-text__media\"><img loading=\"lazy\" decoding=\"async\" width=\"1024\" height=\"1024\" src=\"https:\/\/emerick-candaele.com\/wp-content\/uploads\/2025\/05\/emerick-thinking.png\" alt=\"\" class=\"wp-image-38 size-full\" srcset=\"https:\/\/emerick-candaele.com\/wp-content\/uploads\/2025\/05\/emerick-thinking.png 1024w, https:\/\/emerick-candaele.com\/wp-content\/uploads\/2025\/05\/emerick-thinking-300x300.png 300w, https:\/\/emerick-candaele.com\/wp-content\/uploads\/2025\/05\/emerick-thinking-150x150.png 150w, https:\/\/emerick-candaele.com\/wp-content\/uploads\/2025\/05\/emerick-thinking-768x768.png 768w\" sizes=\"auto, (max-width: 1024px) 100vw, 1024px\" \/><\/figure><\/div>\n\n\n\n<div class=\"wp-block-media-text is-stacked-on-mobile\"><figure class=\"wp-block-media-text__media\"><img loading=\"lazy\" decoding=\"async\" width=\"768\" height=\"1024\" src=\"https:\/\/emerick-candaele.com\/wp-content\/uploads\/2025\/05\/IMG_20180117_184431-768x1024.jpg\" alt=\"\" class=\"wp-image-39 size-full\" srcset=\"https:\/\/emerick-candaele.com\/wp-content\/uploads\/2025\/05\/IMG_20180117_184431-768x1024.jpg 768w, https:\/\/emerick-candaele.com\/wp-content\/uploads\/2025\/05\/IMG_20180117_184431-225x300.jpg 225w, https:\/\/emerick-candaele.com\/wp-content\/uploads\/2025\/05\/IMG_20180117_184431-1152x1536.jpg 1152w, https:\/\/emerick-candaele.com\/wp-content\/uploads\/2025\/05\/IMG_20180117_184431-1536x2048.jpg 1536w, https:\/\/emerick-candaele.com\/wp-content\/uploads\/2025\/05\/IMG_20180117_184431-scaled.jpg 1920w\" sizes=\"auto, (max-width: 768px) 100vw, 768px\" \/><\/figure><div class=\"wp-block-media-text__content\">\n<h3 class=\"wp-block-heading\">&#8220;Cr\u00e9er&#8221;<\/h3>\n\n\n\n<p>Que ce soit en digital, physique ou les deux, cr\u00e9er de mes mains est une seconde nature. C&#8217;est une pratique qui va de pair avec le fait de mieux comprendre le monde qui nous entoure. La th\u00e9orie c&#8217;est bien, mais \u00e0 un moment il faut passer \u00e0 la pratique!<\/p>\n<\/div><\/div>\n\n\n\n<div class=\"wp-block-media-text has-media-on-the-right is-stacked-on-mobile\"><div class=\"wp-block-media-text__content\">\n<h3 class=\"wp-block-heading\">&#8220;Surmonter&#8221;<\/h3>\n\n\n\n<p>Les sports d&#8217;\u00e9quipe sont une part int\u00e9grante de ce que je suis (Rugby, Hand, Volley etc&#8230;). Mais apr\u00e8s 12 ann\u00e9es de pratique, le rugby garde quand m\u00eame une place particuli\u00e8re : celle d&#8217;avoir appris \u00e0 <strong>surmonter l&#8217;adversit\u00e9 en \u00e9quipe.<\/strong><\/p>\n<\/div><figure class=\"wp-block-media-text__media\"><img loading=\"lazy\" decoding=\"async\" width=\"1024\" height=\"791\" src=\"https:\/\/emerick-candaele.com\/wp-content\/uploads\/2025\/05\/DSC_8759-1024x791.jpg\" alt=\"\" class=\"wp-image-35 size-full\" srcset=\"https:\/\/emerick-candaele.com\/wp-content\/uploads\/2025\/05\/DSC_8759-1024x791.jpg 1024w, https:\/\/emerick-candaele.com\/wp-content\/uploads\/2025\/05\/DSC_8759-300x232.jpg 300w, https:\/\/emerick-candaele.com\/wp-content\/uploads\/2025\/05\/DSC_8759-768x593.jpg 768w, https:\/\/emerick-candaele.com\/wp-content\/uploads\/2025\/05\/DSC_8759-1536x1186.jpg 1536w, https:\/\/emerick-candaele.com\/wp-content\/uploads\/2025\/05\/DSC_8759-2048x1581.jpg 2048w\" sizes=\"auto, (max-width: 1024px) 100vw, 1024px\" \/><\/figure><\/div>\n<\/div>\n<\/div>\n\n\n\n<div class=\"wp-block-group has-white-background-color has-background is-layout-flow wp-block-group-is-layout-flow\" style=\"padding-top:var(--wp--preset--spacing--80);padding-right:0;padding-bottom:var(--wp--preset--spacing--80);padding-left:0\">\n<h2 class=\"wp-block-heading\">Me contacter<\/h2>\n\n\n\n<div style=\"height:20px\" aria-hidden=\"true\" class=\"wp-block-spacer\"><\/div>\n\n\n\n<div class=\"wp-block-buttons is-content-justification-center is-layout-flex wp-container-core-buttons-is-layout-a89b3969 wp-block-buttons-is-layout-flex\">\n<div class=\"wp-block-button has-custom-width wp-block-button__width-100\"><a class=\"wp-block-button__link wp-element-button\" rel=\"mailto:e.candaele@gmail.com\">Par mail (e.candaele@gmail.com)<\/a><\/div>\n\n\n\n<div class=\"wp-block-button has-custom-width wp-block-button__width-100\"><a class=\"wp-block-button__link wp-element-button\" rel=\"https:\/\/www.linkedin.com\/in\/emerick-candaele\/\">Profil Linkedin<\/a><\/div>\n<\/div>\n<\/div>\n","protected":false},"excerpt":{"rendered":"<p>Formations et exp\u00e9riences Fondateur de Terres Num\u00e9riques (2025-Aujourd&#8217;hui) Terres Num\u00e9riques est une entreprise qui a pour but de faire des saisies (compte rendu de visite, feuille d&#8217;intervention&#8230;) un vrai gain de temps. Pour ce faire l&#8217;entreprise est sp\u00e9cialis\u00e9e dans le d\u00e9ploiement de Kizeo Forms, une solution mobile de collecte de donn\u00e9es et de g\u00e9n\u00e9ration de [&hellip;]<\/p>\n","protected":false},"author":1,"featured_media":0,"parent":0,"menu_order":0,"comment_status":"closed","ping_status":"closed","template":"page-no-title","meta":{"footnotes":""},"class_list":["post-7","page","type-page","status-publish","hentry"],"_links":{"self":[{"href":"https:\/\/emerick-candaele.com\/index.php\/wp-json\/wp\/v2\/pages\/7","targetHints":{"allow":["GET"]}}],"collection":[{"href":"https:\/\/emerick-candaele.com\/index.php\/wp-json\/wp\/v2\/pages"}],"about":[{"href":"https:\/\/emerick-candaele.com\/index.php\/wp-json\/wp\/v2\/types\/page"}],"author":[{"embeddable":true,"href":"https:\/\/emerick-candaele.com\/index.php\/wp-json\/wp\/v2\/users\/1"}],"replies":[{"embeddable":true,"href":"https:\/\/emerick-candaele.com\/index.php\/wp-json\/wp\/v2\/comments?post=7"}],"version-history":[{"count":7,"href":"https:\/\/emerick-candaele.com\/index.php\/wp-json\/wp\/v2\/pages\/7\/revisions"}],"predecessor-version":[{"id":42,"href":"https:\/\/emerick-candaele.com\/index.php\/wp-json\/wp\/v2\/pages\/7\/revisions\/42"}],"wp:attachment":[{"href":"https:\/\/emerick-candaele.com\/index.php\/wp-json\/wp\/v2\/media?parent=7"}],"curies":[{"name":"wp","href":"https:\/\/api.w.org\/{rel}","templated":true}]}}